{"id":248,"date":"2022-06-06T02:45:05","date_gmt":"2022-06-06T02:45:05","guid":{"rendered":"https:\/\/modrent.travelerwp.com\/?page_id=248"},"modified":"2023-11-26T13:57:20","modified_gmt":"2023-11-26T12:57:20","slug":"o-nama","status":"publish","type":"page","link":"https:\/\/www.jahorinatravel.com\/en\/o-nama\/","title":{"rendered":"About Us"},"content":{"rendered":"\t\t<div data-elementor-type=\"wp-page\" data-elementor-id=\"248\" class=\"elementor elementor-248\">\n\t\t\t\t\t\t<section class=\"elementor-section elementor-top-section elementor-element elementor-element-7f033dda elementor-section-boxed elementor-section-height-default elementor-section-height-default\" data-id=\"7f033dda\" data-element_type=\"section\">\n\t\t\t\t\t\t<div class=\"elementor-container elementor-column-gap-default\">\n\t\t\t\t\t<div class=\"elementor-column elementor-col-100 elementor-top-column elementor-element elementor-element-7566ab21\" data-id=\"7566ab21\" data-element_type=\"column\">\n\t\t\t<div class=\"elementor-widget-wrap elementor-element-populated\">\n\t\t\t\t\t\t<div class=\"elementor-element elementor-element-46a34d4 elementor-widget elementor-widget-image\" data-id=\"46a34d4\" data-element_type=\"widget\" data-widget_type=\"image.default\">\n\t\t\t\t\t\t\t\t\t\t\t\t\t\t\t<img decoding=\"async\" src=\"https:\/\/www.jahorinatravel.com\/wp-content\/uploads\/2023\/11\/ravna-planina-pale-panorama-1920x300.jpg\" title=\"Pogled sa Ravne planine na Trebevi\u0107 i Pale\" alt=\"Pogled sa Ravne planine na Trebevi\u0107 i Pale\" loading=\"lazy\" \/>\t\t\t\t\t\t\t\t\t\t\t\t\t\t\t<\/div>\n\t\t\t\t\t<\/div>\n\t\t<\/div>\n\t\t\t\t\t<\/div>\n\t\t<\/section>\n\t\t\t\t<section class=\"elementor-section elementor-top-section elementor-element elementor-element-193e4860 elementor-section-boxed elementor-section-height-default elementor-section-height-default\" data-id=\"193e4860\" data-element_type=\"section\">\n\t\t\t\t\t\t<div class=\"elementor-container elementor-column-gap-default\">\n\t\t\t\t\t<div class=\"elementor-column elementor-col-100 elementor-top-column elementor-element elementor-element-333654db\" data-id=\"333654db\" data-element_type=\"column\">\n\t\t\t<div class=\"elementor-widget-wrap elementor-element-populated\">\n\t\t\t\t\t\t<div class=\"elementor-element elementor-element-7d485158 elementor-widget elementor-widget-heading\" data-id=\"7d485158\" data-element_type=\"widget\" data-widget_type=\"heading.default\">\n\t\t\t\t\t<h2 class=\"elementor-heading-title elementor-size-default\">O nama\n<\/h2>\t\t\t\t<\/div>\n\t\t\t\t<div class=\"elementor-element elementor-element-b6b524c elementor-widget elementor-widget-text-editor\" data-id=\"b6b524c\" data-element_type=\"widget\" data-widget_type=\"text-editor.default\">\n\t\t\t\t\t\t\t\t\t<p>Jahorina Travel nije turisti\u010dka agencija koja posjetiocima pravi aran\u017emane i bukira smje\u0161taj, ve\u0107 je online portal namjenjen spajanju posjetilaca i vlasnika, tj. ponu\u0111a\u010da smje\u0161taja.<\/p><p>Osnovna razlika izme\u0111u nas i drugih sli\u010dnih servisa, jeste \u0161to smo mi u direktnom kontaktu sa vlasnicima objekata i predla\u017eemo bolje cijene za na\u0161e posjetioce, \u010dine\u0107i ponude boljim od servisa poput Bookinga, AirBnB i sl. Na\u0161 portal uz to daje i dodatne informacije o prednostima smje\u0161tajnih jedinica, potencijalnim manama lokacije (npr udaljenost od ski servisa, neadekvatnosti smje\u0161taja za malu djecu i sl.).<\/p><p>Tako\u0111er, sav smje\u0161taj na na\u0161em portalu je pa\u017eljivo izabran sa naglaskom na kvalitetu i dobrom odnosu vlasnika objekata prema svojim gostima i samom smje\u0161taju. Mi ne mo\u017eemo garantovati da \u0107e sve biti savr\u0161eno, ali mo\u017eemo vam u\u0161tediti vrijeme i dati sve potrebne informacije kako bi odabrali \u0161to bolji smje\u0161taj, pogotovo ako prvi put dolazite na Jahorinu.<br \/><\/p>\t\t\t\t\t\t\t\t<\/div>\n\t\t\t\t\t<\/div>\n\t\t<\/div>\n\t\t\t\t\t<\/div>\n\t\t<\/section>\n\t\t\t\t<section class=\"elementor-section elementor-top-section elementor-element elementor-element-5d7101d0 elementor-section-boxed elementor-section-height-default elementor-section-height-default\" data-id=\"5d7101d0\" data-element_type=\"section\">\n\t\t\t\t\t\t<div class=\"elementor-container elementor-column-gap-default\">\n\t\t\t\t\t<div class=\"elementor-column elementor-col-50 elementor-top-column elementor-element elementor-element-3ea33810\" data-id=\"3ea33810\" data-element_type=\"column\">\n\t\t\t<div class=\"elementor-widget-wrap elementor-element-populated\">\n\t\t\t\t\t\t<div class=\"elementor-element elementor-element-7c0d5891 elementor-widget elementor-widget-heading\" data-id=\"7c0d5891\" data-element_type=\"widget\" data-widget_type=\"heading.default\">\n\t\t\t\t\t<h2 class=\"elementor-heading-title elementor-size-default\">Na\u0161a misija i cilj\n<\/h2>\t\t\t\t<\/div>\n\t\t\t\t<div class=\"elementor-element elementor-element-1fba945 elementor-widget elementor-widget-text-editor\" data-id=\"1fba945\" data-element_type=\"widget\" data-widget_type=\"text-editor.default\">\n\t\t\t\t\t\t\t\t\tNa\u0161a misija je jednostavna &#8211; \u017eelimo vam omogu\u0107iti nezaboravno iskustvo na Jahorini. To je planina s bogatom istorijom, prekrasnim ski stazama u zimskom periodu, ali i prirodnim ljepotama i mnogo mogu\u0107nosti za aktivan odmor ljeti.\n\nNa\u0161 cilj je da maksimalno u\u0161tedite vrijeme, do\u0111ete do svih potrebnih informacija i lako odaberete smje\u0161taj u skladu sa va\u0161im potrebama.\n\n\u200b\t\t\t\t\t\t\t\t<\/div>\n\t\t\t\t\t<\/div>\n\t\t<\/div>\n\t\t\t\t<div class=\"elementor-column elementor-col-50 elementor-top-column elementor-element elementor-element-3c231051\" data-id=\"3c231051\" data-element_type=\"column\">\n\t\t\t<div class=\"elementor-widget-wrap elementor-element-populated\">\n\t\t\t\t\t\t<div class=\"elementor-element elementor-element-355227de elementor-widget elementor-widget-heading\" data-id=\"355227de\" data-element_type=\"widget\" data-widget_type=\"heading.default\">\n\t\t\t\t\t<h2 class=\"elementor-heading-title elementor-size-default\">Kako Vam mo\u017eemo pomo\u0107i?\n<\/h2>\t\t\t\t<\/div>\n\t\t\t\t<div class=\"elementor-element elementor-element-36ca6d9 elementor-widget elementor-widget-text-editor\" data-id=\"36ca6d9\" data-element_type=\"widget\" data-widget_type=\"text-editor.default\">\n\t\t\t\t\t\t\t\t\tJahorina Travel Vam pru\u017ea sve potrebne informacije o smje\u0161taju, restoranima, aktivnostima i doga\u0111anjima na Jahorini. Na\u0161a platforma je pravo mjesto gdje \u0107ete prona\u0107i sve \u0161to vam je potrebno kako biste isplanirali svoj boravak. <br><br>Bez obzira na to jeste li solo putnik, par, porodica ili grupa prijatelja, imamo smje\u0161taj za svakog. Jedna od klju\u010dnih usluga koju pru\u017eamo je pregled smje\u0161taja na Jahorini.\n\t\t\t\t\t\t\t\t<\/div>\n\t\t\t\t\t<\/div>\n\t\t<\/div>\n\t\t\t\t\t<\/div>\n\t\t<\/section>\n\t\t\t\t<section class=\"elementor-section elementor-top-section elementor-element elementor-element-55853fb4 elementor-hidden-widescreen elementor-hidden-desktop elementor-hidden-laptop elementor-hidden-tablet_extra elementor-hidden-tablet elementor-hidden-mobile elementor-section-boxed elementor-section-height-default elementor-section-height-default\" data-id=\"55853fb4\" data-element_type=\"section\" data-settings=\"{&quot;background_background&quot;:&quot;classic&quot;}\">\n\t\t\t\t\t\t<div class=\"elementor-container elementor-column-gap-default\">\n\t\t\t\t\t<div class=\"elementor-column elementor-col-100 elementor-top-column elementor-element elementor-element-329c9f00\" data-id=\"329c9f00\" data-element_type=\"column\">\n\t\t\t<div class=\"elementor-widget-wrap elementor-element-populated\">\n\t\t\t\t\t\t<div class=\"elementor-element elementor-element-2f83fcf4 elementor-widget elementor-widget-heading\" data-id=\"2f83fcf4\" data-element_type=\"widget\" data-widget_type=\"heading.default\">\n\t\t\t\t\t<h2 class=\"elementor-heading-title elementor-size-default\">Rekli su o nama<\/h2>\t\t\t\t<\/div>\n\t\t\t\t<div class=\"elementor-element elementor-element-663b34bb elementor-widget elementor-widget-st_testimonial\" data-id=\"663b34bb\" data-element_type=\"widget\" data-settings=\"{&quot;slides_per_view&quot;:&quot;3&quot;}\" data-widget_type=\"st_testimonial.default\">\n\t\t\t\t<div class=\"elementor-widget-container\">\n\t\t\t\t\t<div class=\"st-testimonial-modern-slider\">\r\n    <div class=\"st-testimonial\" data-effect=\"creative\" data-slides-per-view=\"3\" data-pagination=\"on\" data-navigation=\"on\" data-auto-play=\"off\" data-loop=\"true\" data-delay=\"\">\r\n        <div class=\"service-testimonial-wrapper swiper-container\">\r\n\t\t\t<div class=\"swiper-wrapper\">\r\n                            <div class=\"swiper-slide\">\r\n                    <div class=\"item\">\r\n\r\n                        \r\n                        <p class=\"st-content st-content-lib\">\r\n                            \u201cLorem ipsum dolor sit amet, consectetur adipiscing elit. Massa amet condimentum in pretium. Montes tristique amet pellentesque ut fames condimentum.\u201d                        <\/p>\r\n                        <div class=\"author-meta author-meta-lib\">\r\n                                                                    <i class=\"review-testimonial stt-icon-star1\"><\/i>\r\n                                                                            <i class=\"review-testimonial stt-icon-star1\"><\/i>\r\n                                                                            <i class=\"review-testimonial stt-icon-star1\"><\/i>\r\n                                                                            <i class=\"review-testimonial stt-icon-star1\"><\/i>\r\n                                                                            <i class=\"review-testimonial stt-icon-star1\"><\/i>\r\n                                                                                                    <h4 class=\"name\">Darlene Robertson<\/h4>\r\n                                \r\n                                                                <p class=\"office-testimonial office-testimonial-lib\">Customers in U.S.A<\/p>\r\n                                \r\n                        <\/div>\r\n                    <\/div>\r\n                <\/div>\r\n                            <div class=\"swiper-slide\">\r\n                    <div class=\"item\">\r\n\r\n                        \r\n                        <p class=\"st-content st-content-lib\">\r\n                            \u201cLorem ipsum dolor sit amet, consectetur adipiscing elit. Massa amet condimentum in pretium. Montes tristique amet pellentesque ut fames condimentum.\u201d                        <\/p>\r\n                        <div class=\"author-meta author-meta-lib\">\r\n                                                                    <i class=\"review-testimonial stt-icon-star1\"><\/i>\r\n                                                                            <i class=\"review-testimonial stt-icon-star1\"><\/i>\r\n                                                                            <i class=\"review-testimonial stt-icon-star1\"><\/i>\r\n                                                                            <i class=\"review-testimonial stt-icon-star1\"><\/i>\r\n                                                                            <i class=\"review-testimonial stt-icon-star1\"><\/i>\r\n                                                                                                    <h4 class=\"name\">Darlene Robertson<\/h4>\r\n                                \r\n                                                                <p class=\"office-testimonial office-testimonial-lib\">Customers in U.S.A<\/p>\r\n                                \r\n                        <\/div>\r\n                    <\/div>\r\n                <\/div>\r\n                            <div class=\"swiper-slide\">\r\n                    <div class=\"item\">\r\n\r\n                        \r\n                        <p class=\"st-content st-content-lib\">\r\n                            \u201cLorem ipsum dolor sit amet, consectetur adipiscing elit. Massa amet condimentum in pretium. Montes tristique amet pellentesque ut fames condimentum.\u201d                        <\/p>\r\n                        <div class=\"author-meta author-meta-lib\">\r\n                                                                    <i class=\"review-testimonial stt-icon-star1\"><\/i>\r\n                                                                            <i class=\"review-testimonial stt-icon-star1\"><\/i>\r\n                                                                            <i class=\"review-testimonial stt-icon-star1\"><\/i>\r\n                                                                            <i class=\"review-testimonial stt-icon-star1\"><\/i>\r\n                                                                            <i class=\"review-testimonial stt-icon-star1\"><\/i>\r\n                                                                                                    <h4 class=\"name\">Darlene Robertson<\/h4>\r\n                                \r\n                                                                <p class=\"office-testimonial office-testimonial-lib\">Customers in U.S.A<\/p>\r\n                                \r\n                        <\/div>\r\n                    <\/div>\r\n                <\/div>\r\n                            <div class=\"swiper-slide\">\r\n                    <div class=\"item\">\r\n\r\n                        \r\n                        <p class=\"st-content st-content-lib\">\r\n                            \u201cLorem ipsum dolor sit amet, consectetur adipiscing elit. Massa amet condimentum in pretium. Montes tristique amet pellentesque ut fames condimentum.\u201d                        <\/p>\r\n                        <div class=\"author-meta author-meta-lib\">\r\n                                                                    <i class=\"review-testimonial stt-icon-star1\"><\/i>\r\n                                                                            <i class=\"review-testimonial stt-icon-star1\"><\/i>\r\n                                                                            <i class=\"review-testimonial stt-icon-star1\"><\/i>\r\n                                                                            <i class=\"review-testimonial stt-icon-star1\"><\/i>\r\n                                                                            <i class=\"review-testimonial stt-icon-star1\"><\/i>\r\n                                                                                                    <h4 class=\"name\">Darlene Robertson<\/h4>\r\n                                \r\n                                                                <p class=\"office-testimonial office-testimonial-lib\">Customers in U.S.A<\/p>\r\n                                \r\n                        <\/div>\r\n                    <\/div>\r\n                <\/div>\r\n            \t\t\t<\/div>\r\n        <\/div>\r\n\t\t\t\t<div class=\"swiper-pagination\"><\/div>\r\n\t\t\t\t\t<div class=\"st-button-prev\"><span class=\"stt-icon stt-icon-arrow-left\"><\/span><\/div><div class=\"st-button-next\"><span class=\"stt-icon stt-icon-arrow-right\"><\/span><\/div>\r\n\t\t    <\/div>\r\n<\/div>\r\n\r\n\r\n\t\t\t\t<\/div>\n\t\t\t\t<\/div>\n\t\t\t\t\t<\/div>\n\t\t<\/div>\n\t\t\t\t\t<\/div>\n\t\t<\/section>\n\t\t\t\t<\/div>\n\t\t","protected":false},"excerpt":{"rendered":"<p>About Us Jahorina Travel is not a tourist agency that arranges visitor accommodations, but an online portal designed to connect visitors with property owners, i.e., accommodation providers on Jahorina. The fundamental difference between us and other similar services is that we are in direct contact with property owners and offer better prices to our visitors, [&hellip;]<\/p>\n","protected":false},"author":2,"featured_media":0,"parent":0,"menu_order":0,"comment_status":"closed","ping_status":"closed","template":"template-blank.php","meta":{"footnotes":""},"class_list":["post-248","page","type-page","status-publish","has-post-thumbnail","hentry"],"yoast_head":"<!-- This site is optimized with the Yoast SEO plugin v26.3 - https:\/\/yoast.com\/wordpress\/plugins\/seo\/ -->\n<title>About Us - Jahorina Travel<\/title>\n<meta name=\"robots\" content=\"index, follow, max-snippet:-1, max-image-preview:large, max-video-preview:-1\" \/>\n<link rel=\"canonical\" href=\"https:\/\/www.jahorinatravel.com\/en\/o-nama\/\" \/>\n<meta property=\"og:locale\" content=\"en_US\" \/>\n<meta property=\"og:type\" content=\"article\" \/>\n<meta property=\"og:title\" content=\"About Us - Jahorina Travel\" \/>\n<meta property=\"og:description\" content=\"About Us Jahorina Travel is not a tourist agency that arranges visitor accommodations, but an online portal designed to connect visitors with property owners, i.e., accommodation providers on Jahorina. The fundamental difference between us and other similar services is that we are in direct contact with property owners and offer better prices to our visitors, [&hellip;]\" \/>\n<meta property=\"og:url\" content=\"https:\/\/www.jahorinatravel.com\/en\/o-nama\/\" \/>\n<meta property=\"og:site_name\" content=\"Jahorina Travel\" \/>\n<meta property=\"article:modified_time\" content=\"2023-11-26T12:57:20+00:00\" \/>\n<meta property=\"og:image\" content=\"https:\/\/www.jahorinatravel.com\/wp-content\/uploads\/elementor\/thumbs\/pietro-de-grandi-ZLcZlM0gi_c-unsplash-scaled-qead9of86t1rioas2uxwowv74q0hqbb3hsmhxct1a0.jpg\" \/>\n<meta name=\"twitter:card\" content=\"summary_large_image\" \/>\n<meta name=\"twitter:label1\" content=\"Est. reading time\" \/>\n\t<meta name=\"twitter:data1\" content=\"4 minutes\" \/>\n<script type=\"application\/ld+json\" class=\"yoast-schema-graph\">{\"@context\":\"https:\/\/schema.org\",\"@graph\":[{\"@type\":\"WebPage\",\"@id\":\"https:\/\/www.jahorinatravel.com\/en\/o-nama\/\",\"url\":\"https:\/\/www.jahorinatravel.com\/en\/o-nama\/\",\"name\":\"About Us - Jahorina Travel\",\"isPartOf\":{\"@id\":\"https:\/\/www.jahorinatravel.com\/en\/#website\"},\"primaryImageOfPage\":{\"@id\":\"https:\/\/www.jahorinatravel.com\/en\/o-nama\/#primaryimage\"},\"image\":{\"@id\":\"https:\/\/www.jahorinatravel.com\/o-nama\/#primaryimage\"},\"thumbnailUrl\":\"https:\/\/www.jahorinatravel.com\/wp-content\/uploads\/2023\/11\/ravna-planina-pale-panorama-1920x300.jpg\",\"datePublished\":\"2022-06-06T02:45:05+00:00\",\"dateModified\":\"2023-11-26T12:57:20+00:00\",\"breadcrumb\":{\"@id\":\"https:\/\/www.jahorinatravel.com\/en\/o-nama\/#breadcrumb\"},\"inLanguage\":\"en-US\",\"potentialAction\":[{\"@type\":\"ReadAction\",\"target\":[[\"https:\/\/www.jahorinatravel.com\/en\/o-nama\/\"]]}]},{\"@type\":\"ImageObject\",\"inLanguage\":\"en-US\",\"@id\":\"https:\/\/www.jahorinatravel.com\/en\/o-nama\/#primaryimage\",\"url\":\"https:\/\/www.jahorinatravel.com\/wp-content\/uploads\/2023\/11\/ravna-planina-pale-panorama-1920x300.jpg\",\"contentUrl\":\"https:\/\/www.jahorinatravel.com\/wp-content\/uploads\/2023\/11\/ravna-planina-pale-panorama-1920x300.jpg\"},{\"@type\":\"BreadcrumbList\",\"@id\":\"https:\/\/www.jahorinatravel.com\/en\/o-nama\/#breadcrumb\",\"itemListElement\":[{\"@type\":\"ListItem\",\"position\":1,\"name\":\"Home\",\"item\":\"https:\/\/www.jahorinatravel.com\/en\/\"},{\"@type\":\"ListItem\",\"position\":2,\"name\":\"O nama\"}]},{\"@type\":\"WebSite\",\"@id\":\"https:\/\/www.jahorinatravel.com\/en\/#website\",\"url\":\"https:\/\/www.jahorinatravel.com\/en\/\",\"name\":\"Jahorina Travel\",\"description\":\"Reliable source of information from the mountain\",\"publisher\":{\"@id\":\"https:\/\/www.jahorinatravel.com\/en\/#organization\"},\"potentialAction\":[{\"@type\":\"SearchAction\",\"target\":{\"@type\":\"EntryPoint\",\"urlTemplate\":\"https:\/\/www.jahorinatravel.com\/en\/?s={search_term_string}\"},\"query-input\":{\"@type\":\"PropertyValueSpecification\",\"valueRequired\":true,\"valueName\":\"search_term_string\"}}],\"inLanguage\":\"en-US\"},{\"@type\":\"Organization\",\"@id\":\"https:\/\/www.jahorinatravel.com\/en\/#organization\",\"name\":\"Jahorina Travel\",\"url\":\"https:\/\/www.jahorinatravel.com\/en\/\",\"logo\":{\"@type\":\"ImageObject\",\"inLanguage\":\"en-US\",\"@id\":\"https:\/\/www.jahorinatravel.com\/en\/#\/schema\/logo\/image\/\",\"url\":\"https:\/\/www.jahorinatravel.com\/wp-content\/uploads\/2023\/10\/cropped-jahorina-travel-logo.jpg\",\"contentUrl\":\"https:\/\/www.jahorinatravel.com\/wp-content\/uploads\/2023\/10\/cropped-jahorina-travel-logo.jpg\",\"width\":512,\"height\":512,\"caption\":\"Jahorina Travel\"},\"image\":{\"@id\":\"https:\/\/www.jahorinatravel.com\/en\/#\/schema\/logo\/image\/\"}}]}<\/script>\n<!-- \/ Yoast SEO plugin. -->","yoast_head_json":{"title":"About Us - Jahorina Travel","robots":{"index":"index","follow":"follow","max-snippet":"max-snippet:-1","max-image-preview":"max-image-preview:large","max-video-preview":"max-video-preview:-1"},"canonical":"https:\/\/www.jahorinatravel.com\/en\/o-nama\/","og_locale":"en_US","og_type":"article","og_title":"About Us - Jahorina Travel","og_description":"About Us Jahorina Travel is not a tourist agency that arranges visitor accommodations, but an online portal designed to connect visitors with property owners, i.e., accommodation providers on Jahorina. The fundamental difference between us and other similar services is that we are in direct contact with property owners and offer better prices to our visitors, [&hellip;]","og_url":"https:\/\/www.jahorinatravel.com\/en\/o-nama\/","og_site_name":"Jahorina Travel","article_modified_time":"2023-11-26T12:57:20+00:00","og_image":[{"url":"https:\/\/www.jahorinatravel.com\/wp-content\/uploads\/elementor\/thumbs\/pietro-de-grandi-ZLcZlM0gi_c-unsplash-scaled-qead9of86t1rioas2uxwowv74q0hqbb3hsmhxct1a0.jpg","type":"","width":"","height":""}],"twitter_card":"summary_large_image","twitter_misc":{"Est. reading time":"4 minutes"},"schema":{"@context":"https:\/\/schema.org","@graph":[{"@type":"WebPage","@id":"https:\/\/www.jahorinatravel.com\/en\/o-nama\/","url":"https:\/\/www.jahorinatravel.com\/en\/o-nama\/","name":"About Us - Jahorina Travel","isPartOf":{"@id":"https:\/\/www.jahorinatravel.com\/en\/#website"},"primaryImageOfPage":{"@id":"https:\/\/www.jahorinatravel.com\/en\/o-nama\/#primaryimage"},"image":{"@id":"https:\/\/www.jahorinatravel.com\/o-nama\/#primaryimage"},"thumbnailUrl":"https:\/\/www.jahorinatravel.com\/wp-content\/uploads\/2023\/11\/ravna-planina-pale-panorama-1920x300.jpg","datePublished":"2022-06-06T02:45:05+00:00","dateModified":"2023-11-26T12:57:20+00:00","breadcrumb":{"@id":"https:\/\/www.jahorinatravel.com\/en\/o-nama\/#breadcrumb"},"inLanguage":"en-US","potentialAction":[{"@type":"ReadAction","target":[["https:\/\/www.jahorinatravel.com\/en\/o-nama\/"]]}]},{"@type":"ImageObject","inLanguage":"en-US","@id":"https:\/\/www.jahorinatravel.com\/en\/o-nama\/#primaryimage","url":"https:\/\/www.jahorinatravel.com\/wp-content\/uploads\/2023\/11\/ravna-planina-pale-panorama-1920x300.jpg","contentUrl":"https:\/\/www.jahorinatravel.com\/wp-content\/uploads\/2023\/11\/ravna-planina-pale-panorama-1920x300.jpg"},{"@type":"BreadcrumbList","@id":"https:\/\/www.jahorinatravel.com\/en\/o-nama\/#breadcrumb","itemListElement":[{"@type":"ListItem","position":1,"name":"Home","item":"https:\/\/www.jahorinatravel.com\/en\/"},{"@type":"ListItem","position":2,"name":"O nama"}]},{"@type":"WebSite","@id":"https:\/\/www.jahorinatravel.com\/en\/#website","url":"https:\/\/www.jahorinatravel.com\/en\/","name":"Jahorina Travel","description":"Reliable source of information from the mountain","publisher":{"@id":"https:\/\/www.jahorinatravel.com\/en\/#organization"},"potentialAction":[{"@type":"SearchAction","target":{"@type":"EntryPoint","urlTemplate":"https:\/\/www.jahorinatravel.com\/en\/?s={search_term_string}"},"query-input":{"@type":"PropertyValueSpecification","valueRequired":true,"valueName":"search_term_string"}}],"inLanguage":"en-US"},{"@type":"Organization","@id":"https:\/\/www.jahorinatravel.com\/en\/#organization","name":"Jahorina Travel","url":"https:\/\/www.jahorinatravel.com\/en\/","logo":{"@type":"ImageObject","inLanguage":"en-US","@id":"https:\/\/www.jahorinatravel.com\/en\/#\/schema\/logo\/image\/","url":"https:\/\/www.jahorinatravel.com\/wp-content\/uploads\/2023\/10\/cropped-jahorina-travel-logo.jpg","contentUrl":"https:\/\/www.jahorinatravel.com\/wp-content\/uploads\/2023\/10\/cropped-jahorina-travel-logo.jpg","width":512,"height":512,"caption":"Jahorina Travel"},"image":{"@id":"https:\/\/www.jahorinatravel.com\/en\/#\/schema\/logo\/image\/"}}]}},"_links":{"self":[{"href":"https:\/\/www.jahorinatravel.com\/en\/wp-json\/wp\/v2\/pages\/248","targetHints":{"allow":["GET"]}}],"collection":[{"href":"https:\/\/www.jahorinatravel.com\/en\/wp-json\/wp\/v2\/pages"}],"about":[{"href":"https:\/\/www.jahorinatravel.com\/en\/wp-json\/wp\/v2\/types\/page"}],"author":[{"embeddable":true,"href":"https:\/\/www.jahorinatravel.com\/en\/wp-json\/wp\/v2\/users\/2"}],"replies":[{"embeddable":true,"href":"https:\/\/www.jahorinatravel.com\/en\/wp-json\/wp\/v2\/comments?post=248"}],"version-history":[{"count":56,"href":"https:\/\/www.jahorinatravel.com\/en\/wp-json\/wp\/v2\/pages\/248\/revisions"}],"predecessor-version":[{"id":15942,"href":"https:\/\/www.jahorinatravel.com\/en\/wp-json\/wp\/v2\/pages\/248\/revisions\/15942"}],"wp:attachment":[{"href":"https:\/\/www.jahorinatravel.com\/en\/wp-json\/wp\/v2\/media?parent=248"}],"curies":[{"name":"wp","href":"https:\/\/api.w.org\/{rel}","templated":true}]}}